{"id":137,"date":"2019-05-17T21:28:30","date_gmt":"2019-05-17T21:28:30","guid":{"rendered":"https:\/\/stichting070watt.nl\/?page_id=137"},"modified":"2025-02-11T17:05:13","modified_gmt":"2025-02-11T17:05:13","slug":"trajecten","status":"publish","type":"page","link":"https:\/\/stichting070watt.nl\/index.php\/trajecten\/","title":{"rendered":"Trajecten"},"content":{"rendered":"\n<p>Stichting 070Watt heeft op dit moment een viertal trajecten waarbij jongeren met een meervoudige problematiek centraal staan. Met een traject wordt een al dan niet gesimuleerde bedrijfsomgeving bedoeld waarin de jongere kennis kan maken met het bedrijfsleven en kan oefenen binnen een bepaald vakgebied.<\/p>\n\n\n\n<p>Deze trajecten zijn:<\/p>\n\n\n\n<ul class=\"wp-block-list\">\n<li><a href=\"https:\/\/stichting070watt.nl\/index.php\/traject-horeca\/\">Horeca Traject<\/a><\/li>\n\n\n\n<li><a href=\"https:\/\/stichting070watt.nl\/index.php\/traject-verhuizingen-ontruimingen\/\">Verhuis Traject<\/a><\/li>\n\n\n\n<li><a href=\"https:\/\/stichting070watt.nl\/index.php\/traject-winkel\/\">Winkel Traject<\/a><\/li>\n\n\n\n<li><a href=\"https:\/\/stichting070watt.nl\/index.php\/traject-technisch-creatief\/\">Technisch \/ Creatief Traject<\/a><\/li>\n<\/ul>\n\n\n\n<p>\nIn\neen kleine en veilige setting wordt gewerkt aan de sociale\nvaardigheden en een positieve ontwikkeling van de jongere in kwestie.\nDoor middel van een vast dagritme met regelmatig terugkerende\nactiviteiten, aangevuld met nieuwe uitdagingen krijgen de jongeren de\nkans zich te ontwikkelen zonder dat zij overvraagd worden.<\/p>\n\n\n\n<p>\nDoor\nde goede sfeer en het gevoel van veiligheid en geborgenheid\nontwikkelt de jongere zich het best en het snelst, wat er toe leidt\ndat er successen behaald worden en het gevoel van eigenwaarde zich\nontwikkelt. De realiteitszin wordt vergroot op basis van wat een\njongere wel kan en niet zo zeer op basis van wat een jongere niet\nkan.<\/p>\n\n\n\n<p>\nNaast\nsociale vaardigheden wordt er gewerkt aan een dagritme, concentratie\nen een positieve, actieve houding.<\/p>\n\n\n\n<p>\nDoor\njongeren te koppelen aan vaste medewerkers en \u00e9\u00e9n op \u00e9\u00e9n\ncontactmomenten in te bouwen ontstaat vertrouwen. Vanuit die positie\nkunnen jongeren groeien.<\/p>\n\n\n\n<p>\nDoor\nonze jongeren inzicht te geven in wat zij WEL kunnen en wat er WEL\ngoed gaat wordt de stap naar een positieve uitstroom met nieuwe\nkansen en uitdagingen minder eng en haalbaarder. <br><br>Bij al onze\ntrajecten geldt dat we jongeren aangemeld krijgen die veelal\nongemotiveerd zijn, het nut er zeker niet van inzien en met hun\nhouding geen regulier onderwijs of een reguliere baan kunnen krijgen\nof houden.<\/p>\n\n\n\n<p>Onze\nuitdaging is om dat te veranderen. Door heel veel \u00e9\u00e9n op \u00e9\u00e9n\naandacht, structuur en heldere communicatie bouwen we aan een stuk\nvertrouwen dat vervolgens moet leiden tot motivatie. Vanuit die\nmotivatie wordt er gewerkt aan de standaard werknemersvaardigheden,\nop tijd komen, je fatsoenlijk gedragen, collegiaal zijn, etc.<\/p>\n\n\n\n<p>Als\nwe dat punt bereikt hebben dan zijn er weer mogelijkheden om uit te\nstromen naar onderwijs en\/of werk.<\/p>\n\n\n\n<p>Wat\nmisschien nog veel belangrijker is, is dat we ons best doen om er een\npositieve ervaring van te maken. Iets dat bij veel van onze jongeren\nniet vaak gebeurt. Door steeds weer de nadruk te leggen op wat er\ngoed gaat en niet altijd te kijken naar alles wat fout gaat krijgen\njongeren er weer zin in.<\/p>\n\n\n\n<p>Als\nde verhuizing goed gaat, de winkel er mooi bijstaat, een sieraad\nverkocht wordt, het eten lekker smaakt dan geven we daar veel\naandacht aan.<\/p>\n\n\n\n<p>Ook\nin de terugkoppeling naar ouders en\/of verzorgers leggen we de nadruk\nop wat er gelukt is.<\/p>\n\n\n\n<p>Ook iets dat niet vaak voorkomt en waar zeker ouders heel blij en trots van worden.<\/p>\n\n\n\n<p><\/p>\n","protected":false},"excerpt":{"rendered":"<p>Stichting 070Watt heeft op dit moment een viertal trajecten waarbij jongeren met een meervoudige problematiek centraal staan. Met een traject wordt een al dan niet gesimuleerde bedrijfsomgeving bedoeld waarin de jongere kennis kan maken met het bedrijfsleven en kan oefenen binnen een bepaald vakgebied. Deze trajecten zijn: In een kleine en veilige setting wordt gewerkt<\/p><\/div>\n<div class=\"blog-btn\"><a href=\"https:\/\/stichting070watt.nl\/index.php\/trajecten\/\" class=\"home-blog-btn\">Meer lezen<\/a><\/p>\n","protected":false},"author":1,"featured_media":0,"parent":0,"menu_order":0,"comment_status":"closed","ping_status":"closed","template":"","meta":{"footnotes":""},"class_list":["post-137","page","type-page","status-publish","hentry"],"yoast_head":"<!-- This site is optimized with the Yoast SEO plugin v24.9 - https:\/\/yoast.com\/wordpress\/plugins\/seo\/ -->\n<title>Trajecten - Stichting 070Watt<\/title>\n<meta name=\"robots\" content=\"index, follow, max-snippet:-1, max-image-preview:large, max-video-preview:-1\" \/>\n<link rel=\"canonical\" href=\"https:\/\/stichting070watt.nl\/index.php\/trajecten\/\" \/>\n<meta property=\"og:locale\" content=\"nl_NL\" \/>\n<meta property=\"og:type\" content=\"article\" \/>\n<meta property=\"og:title\" content=\"Trajecten - Stichting 070Watt\" \/>\n<meta property=\"og:description\" content=\"Stichting 070Watt heeft op dit moment een viertal trajecten waarbij jongeren met een meervoudige problematiek centraal staan. Met een traject wordt een al dan niet gesimuleerde bedrijfsomgeving bedoeld waarin de jongere kennis kan maken met het bedrijfsleven en kan oefenen binnen een bepaald vakgebied. Deze trajecten zijn: In een kleine en veilige setting wordt gewerktMeer lezen\" \/>\n<meta property=\"og:url\" content=\"https:\/\/stichting070watt.nl\/index.php\/trajecten\/\" \/>\n<meta property=\"og:site_name\" content=\"Stichting 070Watt\" \/>\n<meta property=\"article:modified_time\" content=\"2025-02-11T17:05:13+00:00\" \/>\n<meta name=\"twitter:card\" content=\"summary_large_image\" \/>\n<meta name=\"twitter:label1\" content=\"Geschatte leestijd\" \/>\n\t<meta name=\"twitter:data1\" content=\"3 minuten\" \/>\n<script type=\"application\/ld+json\" class=\"yoast-schema-graph\">{\"@context\":\"https:\/\/schema.org\",\"@graph\":[{\"@type\":\"WebPage\",\"@id\":\"https:\/\/stichting070watt.nl\/index.php\/trajecten\/\",\"url\":\"https:\/\/stichting070watt.nl\/index.php\/trajecten\/\",\"name\":\"Trajecten - Stichting 070Watt\",\"isPartOf\":{\"@id\":\"https:\/\/stichting070watt.nl\/#website\"},\"datePublished\":\"2019-05-17T21:28:30+00:00\",\"dateModified\":\"2025-02-11T17:05:13+00:00\",\"breadcrumb\":{\"@id\":\"https:\/\/stichting070watt.nl\/index.php\/trajecten\/#breadcrumb\"},\"inLanguage\":\"nl-NL\",\"potentialAction\":[{\"@type\":\"ReadAction\",\"target\":[\"https:\/\/stichting070watt.nl\/index.php\/trajecten\/\"]}]},{\"@type\":\"BreadcrumbList\",\"@id\":\"https:\/\/stichting070watt.nl\/index.php\/trajecten\/#breadcrumb\",\"itemListElement\":[{\"@type\":\"ListItem\",\"position\":1,\"name\":\"Home\",\"item\":\"https:\/\/stichting070watt.nl\/\"},{\"@type\":\"ListItem\",\"position\":2,\"name\":\"Trajecten\"}]},{\"@type\":\"WebSite\",\"@id\":\"https:\/\/stichting070watt.nl\/#website\",\"url\":\"https:\/\/stichting070watt.nl\/\",\"name\":\"Stichting 070Watt\",\"description\":\"menselijk, maatschappelijk en makkelijk\",\"publisher\":{\"@id\":\"https:\/\/stichting070watt.nl\/#organization\"},\"potentialAction\":[{\"@type\":\"SearchAction\",\"target\":{\"@type\":\"EntryPoint\",\"urlTemplate\":\"https:\/\/stichting070watt.nl\/?s={search_term_string}\"},\"query-input\":{\"@type\":\"PropertyValueSpecification\",\"valueRequired\":true,\"valueName\":\"search_term_string\"}}],\"inLanguage\":\"nl-NL\"},{\"@type\":\"Organization\",\"@id\":\"https:\/\/stichting070watt.nl\/#organization\",\"name\":\"Stichting 070Watt\",\"url\":\"https:\/\/stichting070watt.nl\/\",\"logo\":{\"@type\":\"ImageObject\",\"inLanguage\":\"nl-NL\",\"@id\":\"https:\/\/stichting070watt.nl\/#\/schema\/logo\/image\/\",\"url\":\"https:\/\/stichting070watt.nl\/wp-content\/uploads\/2019\/05\/cropped-logo-2.gif\",\"contentUrl\":\"https:\/\/stichting070watt.nl\/wp-content\/uploads\/2019\/05\/cropped-logo-2.gif\",\"width\":210,\"height\":77,\"caption\":\"Stichting 070Watt\"},\"image\":{\"@id\":\"https:\/\/stichting070watt.nl\/#\/schema\/logo\/image\/\"}}]}<\/script>\n<!-- \/ Yoast SEO plugin. -->","yoast_head_json":{"title":"Trajecten - Stichting 070Watt","robots":{"index":"index","follow":"follow","max-snippet":"max-snippet:-1","max-image-preview":"max-image-preview:large","max-video-preview":"max-video-preview:-1"},"canonical":"https:\/\/stichting070watt.nl\/index.php\/trajecten\/","og_locale":"nl_NL","og_type":"article","og_title":"Trajecten - Stichting 070Watt","og_description":"Stichting 070Watt heeft op dit moment een viertal trajecten waarbij jongeren met een meervoudige problematiek centraal staan. Met een traject wordt een al dan niet gesimuleerde bedrijfsomgeving bedoeld waarin de jongere kennis kan maken met het bedrijfsleven en kan oefenen binnen een bepaald vakgebied. Deze trajecten zijn: In een kleine en veilige setting wordt gewerktMeer lezen","og_url":"https:\/\/stichting070watt.nl\/index.php\/trajecten\/","og_site_name":"Stichting 070Watt","article_modified_time":"2025-02-11T17:05:13+00:00","twitter_card":"summary_large_image","twitter_misc":{"Geschatte leestijd":"3 minuten"},"schema":{"@context":"https:\/\/schema.org","@graph":[{"@type":"WebPage","@id":"https:\/\/stichting070watt.nl\/index.php\/trajecten\/","url":"https:\/\/stichting070watt.nl\/index.php\/trajecten\/","name":"Trajecten - Stichting 070Watt","isPartOf":{"@id":"https:\/\/stichting070watt.nl\/#website"},"datePublished":"2019-05-17T21:28:30+00:00","dateModified":"2025-02-11T17:05:13+00:00","breadcrumb":{"@id":"https:\/\/stichting070watt.nl\/index.php\/trajecten\/#breadcrumb"},"inLanguage":"nl-NL","potentialAction":[{"@type":"ReadAction","target":["https:\/\/stichting070watt.nl\/index.php\/trajecten\/"]}]},{"@type":"BreadcrumbList","@id":"https:\/\/stichting070watt.nl\/index.php\/trajecten\/#breadcrumb","itemListElement":[{"@type":"ListItem","position":1,"name":"Home","item":"https:\/\/stichting070watt.nl\/"},{"@type":"ListItem","position":2,"name":"Trajecten"}]},{"@type":"WebSite","@id":"https:\/\/stichting070watt.nl\/#website","url":"https:\/\/stichting070watt.nl\/","name":"Stichting 070Watt","description":"menselijk, maatschappelijk en makkelijk","publisher":{"@id":"https:\/\/stichting070watt.nl\/#organization"},"potentialAction":[{"@type":"SearchAction","target":{"@type":"EntryPoint","urlTemplate":"https:\/\/stichting070watt.nl\/?s={search_term_string}"},"query-input":{"@type":"PropertyValueSpecification","valueRequired":true,"valueName":"search_term_string"}}],"inLanguage":"nl-NL"},{"@type":"Organization","@id":"https:\/\/stichting070watt.nl\/#organization","name":"Stichting 070Watt","url":"https:\/\/stichting070watt.nl\/","logo":{"@type":"ImageObject","inLanguage":"nl-NL","@id":"https:\/\/stichting070watt.nl\/#\/schema\/logo\/image\/","url":"https:\/\/stichting070watt.nl\/wp-content\/uploads\/2019\/05\/cropped-logo-2.gif","contentUrl":"https:\/\/stichting070watt.nl\/wp-content\/uploads\/2019\/05\/cropped-logo-2.gif","width":210,"height":77,"caption":"Stichting 070Watt"},"image":{"@id":"https:\/\/stichting070watt.nl\/#\/schema\/logo\/image\/"}}]}},"_links":{"self":[{"href":"https:\/\/stichting070watt.nl\/index.php\/wp-json\/wp\/v2\/pages\/137","targetHints":{"allow":["GET"]}}],"collection":[{"href":"https:\/\/stichting070watt.nl\/index.php\/wp-json\/wp\/v2\/pages"}],"about":[{"href":"https:\/\/stichting070watt.nl\/index.php\/wp-json\/wp\/v2\/types\/page"}],"author":[{"embeddable":true,"href":"https:\/\/stichting070watt.nl\/index.php\/wp-json\/wp\/v2\/users\/1"}],"replies":[{"embeddable":true,"href":"https:\/\/stichting070watt.nl\/index.php\/wp-json\/wp\/v2\/comments?post=137"}],"version-history":[{"count":5,"href":"https:\/\/stichting070watt.nl\/index.php\/wp-json\/wp\/v2\/pages\/137\/revisions"}],"predecessor-version":[{"id":280,"href":"https:\/\/stichting070watt.nl\/index.php\/wp-json\/wp\/v2\/pages\/137\/revisions\/280"}],"wp:attachment":[{"href":"https:\/\/stichting070watt.nl\/index.php\/wp-json\/wp\/v2\/media?parent=137"}],"curies":[{"name":"wp","href":"https:\/\/api.w.org\/{rel}","templated":true}]}}